{"id":1063,"date":"2023-04-25T12:35:18","date_gmt":"2023-04-25T10:35:18","guid":{"rendered":"https:\/\/romeriadesantotoribio.es\/multimedia\/"},"modified":"2023-05-16T10:51:40","modified_gmt":"2023-05-16T08:51:40","slug":"multimedia","status":"publish","type":"page","link":"https:\/\/romeriadesantotoribio.com\/en\/multimedia\/","title":{"rendered":"Multimedia"},"content":{"rendered":"<p>[et_pb_section fb_built=&#8221;1&#8243; disabled_on=&#8221;off|off|on&#8221; admin_label=&#8221;Cabecera Movil&#8221; _builder_version=&#8221;4.19.5&#8243; _module_preset=&#8221;default&#8221; background_image=&#8221;https:\/\/romeriadesantotoribio.com\/wp-content\/uploads\/\/textura-amarillo.svg&#8221; global_colors_info=&#8221;{}&#8221;][et_pb_row _builder_version=&#8221;4.19.5&#8243; _module_preset=&#8221;default&#8221; width=&#8221;100%&#8221; max_width=&#8221;100%&#8221; global_colors_info=&#8221;{}&#8221;][et_pb_column type=&#8221;4_4&#8243; _builder_version=&#8221;4.19.5&#8243; _module_preset=&#8221;default&#8221; global_colors_info=&#8221;{}&#8221;][et_pb_text content_tablet=&#8221;<\/p>\n<h1>Multi<br \/>media<\/h1>\n<p>&#8221; content_phone=&#8221;<\/p>\n<h1>Multi<br \/>media<\/h1>\n<p>&#8221; content_last_edited=&#8221;on|phone&#8221; _builder_version=&#8221;4.19.5&#8243; _module_preset=&#8221;19090e6c-b823-4599-a5ba-1a44a8095f5e&#8221; global_colors_info=&#8221;{}&#8221;]<\/p>\n<h1>Multi<br \/>media<\/h1>\n<p>[\/et_pb_text][\/et_pb_column][\/et_pb_row][\/et_pb_section][et_pb_section fb_built=&#8221;1&#8243; disabled_on=&#8221;on|on|off&#8221; admin_label=&#8221;Cabecera Escritorio&#8221; _builder_version=&#8221;4.19.5&#8243; _module_preset=&#8221;default&#8221; background_image=&#8221;https:\/\/romeriadesantotoribio.com\/wp-content\/uploads\/\/textura-amarillo.svg&#8221; custom_padding=&#8221;250px||||false|false&#8221; global_colors_info=&#8221;{}&#8221;][et_pb_row _builder_version=&#8221;4.19.5&#8243; _module_preset=&#8221;default&#8221; positioning=&#8221;absolute&#8221; vertical_offset=&#8221;60px&#8221; width=&#8221;100%&#8221; max_width=&#8221;100%&#8221; global_colors_info=&#8221;{}&#8221; custom_padding__hover_enabled=&#8221;off|desktop&#8221;][et_pb_column type=&#8221;4_4&#8243; _builder_version=&#8221;4.19.5&#8243; _module_preset=&#8221;default&#8221; global_colors_info=&#8221;{}&#8221;][et_pb_text _builder_version=&#8221;4.19.5&#8243; _module_preset=&#8221;327d24bb-9498-461a-b36b-f80e5ff7b23a&#8221; global_colors_info=&#8221;{}&#8221;]<\/p>\n<h1>Multi<br \/>media<\/h1>\n<p>[\/et_pb_text][\/et_pb_column][\/et_pb_row][\/et_pb_section][et_pb_section fb_built=&#8221;1&#8243; _builder_version=&#8221;4.19.5&#8243; _module_preset=&#8221;default&#8221; custom_padding=&#8221;||0px|||&#8221; global_colors_info=&#8221;{}&#8221;][et_pb_row _builder_version=&#8221;4.19.5&#8243; _module_preset=&#8221;default&#8221; global_colors_info=&#8221;{}&#8221;][et_pb_column type=&#8221;4_4&#8243; _builder_version=&#8221;4.19.5&#8243; _module_preset=&#8221;default&#8221; global_colors_info=&#8221;{}&#8221;][et_pb_text _builder_version=&#8221;4.19.5&#8243; _module_preset=&#8221;b0c016a6-11dc-4030-a117-5c4be57ca30a&#8221; global_colors_info=&#8221;{}&#8221;]<\/p>\n<h2>Photo archive<\/h2>\n<p>[\/et_pb_text][\/et_pb_column][\/et_pb_row][et_pb_row _builder_version=&#8221;4.19.5&#8243; _module_preset=&#8221;default&#8221; global_colors_info=&#8221;{}&#8221;][et_pb_column type=&#8221;4_4&#8243; _builder_version=&#8221;4.19.5&#8243; _module_preset=&#8221;default&#8221; global_colors_info=&#8221;{}&#8221;][et_pb_gallery gallery_ids=&#8221;953,950,964,965,966,967,968,969,991,992,993,994,995,996,997,998,999,1000,1001,1002,1003,1004,1005,1006,1007,1008,1009,1010,1011,1012,1013,1014&#8243; show_title_and_caption=&#8221;off&#8221; zoom_icon_color=&#8221;RGBA(255,255,255,0)&#8221; hover_overlay_color=&#8221;rgba(228,11,125,0.24)&#8221; _builder_version=&#8221;4.19.5&#8243; _module_preset=&#8221;default&#8221; global_colors_info=&#8221;{}&#8221;][\/et_pb_gallery][\/et_pb_column][\/et_pb_row][\/et_pb_section][et_pb_section fb_built=&#8221;1&#8243; _builder_version=&#8221;4.19.5&#8243; _module_preset=&#8221;default&#8221; custom_padding=&#8221;||0px|||&#8221; global_colors_info=&#8221;{}&#8221;][et_pb_row _builder_version=&#8221;4.19.5&#8243; _module_preset=&#8221;default&#8221; global_colors_info=&#8221;{}&#8221;][et_pb_column type=&#8221;4_4&#8243; _builder_version=&#8221;4.19.5&#8243; _module_preset=&#8221;default&#8221; global_colors_info=&#8221;{}&#8221;][et_pb_text _builder_version=&#8221;4.19.5&#8243; _module_preset=&#8221;b0c016a6-11dc-4030-a117-5c4be57ca30a&#8221; global_colors_info=&#8221;{}&#8221;]<\/p>\n<h2>Best videos of the celebrations<\/h2>\n<p>[\/et_pb_text][\/et_pb_column][\/et_pb_row][et_pb_row column_structure=&#8221;1_2,1_2&#8243; _builder_version=&#8221;4.19.5&#8243; _module_preset=&#8221;default&#8221; global_colors_info=&#8221;{}&#8221;][et_pb_column type=&#8221;1_2&#8243; _builder_version=&#8221;4.19.5&#8243; _module_preset=&#8221;default&#8221; global_colors_info=&#8221;{}&#8221;][et_pb_video src=&#8221;https:\/\/www.youtube.com\/watch?v=1ry1UvYPeT0&#8243; _builder_version=&#8221;4.19.5&#8243; _module_preset=&#8221;default&#8221; global_colors_info=&#8221;{}&#8221;][\/et_pb_video][\/et_pb_column][et_pb_column type=&#8221;1_2&#8243; _builder_version=&#8221;4.19.5&#8243; _module_preset=&#8221;default&#8221; global_colors_info=&#8221;{}&#8221;][et_pb_video src=&#8221;https:\/\/www.youtube.com\/watch?v=dB_EycvhIro&#8221; _builder_version=&#8221;4.19.5&#8243; _module_preset=&#8221;default&#8221; global_colors_info=&#8221;{}&#8221;][\/et_pb_video][\/et_pb_column][\/et_pb_row][\/et_pb_section][et_pb_section fb_built=&#8221;1&#8243; _builder_version=&#8221;4.19.5&#8243; _module_preset=&#8221;default&#8221; custom_padding=&#8221;||0px|||&#8221; global_colors_info=&#8221;{}&#8221;][et_pb_row _builder_version=&#8221;4.19.5&#8243; _module_preset=&#8221;default&#8221; global_colors_info=&#8221;{}&#8221;][et_pb_column type=&#8221;4_4&#8243; _builder_version=&#8221;4.19.5&#8243; _module_preset=&#8221;default&#8221; global_colors_info=&#8221;{}&#8221;][et_pb_text _builder_version=&#8221;4.19.5&#8243; _module_preset=&#8221;b0c016a6-11dc-4030-a117-5c4be57ca30a&#8221; global_colors_info=&#8221;{}&#8221;]<\/p>\n<h2>The sounds of the pilgrimage<\/h2>\n<p>[\/et_pb_text][\/et_pb_column][\/et_pb_row][et_pb_row _builder_version=&#8221;4.19.5&#8243; _module_preset=&#8221;default&#8221; global_colors_info=&#8221;{}&#8221;][et_pb_column type=&#8221;4_4&#8243; _builder_version=&#8221;4.19.5&#8243; _module_preset=&#8221;default&#8221; global_colors_info=&#8221;{}&#8221;][et_pb_audio audio=&#8221;https:\/\/romeriadesantotoribio.com\/wp-content\/uploads\/2023\/04\/AUDIO-ROMERIA-SANTO-TORIBIO.mp3&#8243; title=&#8221;Jota dancing for the St. Turibius pilgrimage&#8221; _builder_version=&#8221;4.19.5&#8243; _module_preset=&#8221;default&#8221; background_color=&#8221;#009FE3&#8243; background_image=&#8221;https:\/\/romeriadesantotoribio.com\/wp-content\/uploads\/2023\/04\/santo-toribio-web-065-scaled.jpg&#8221; background_blend=&#8221;soft-light&#8221; global_colors_info=&#8221;{}&#8221;][\/et_pb_audio][\/et_pb_column][\/et_pb_row][\/et_pb_section][et_pb_section fb_built=&#8221;1&#8243; _builder_version=&#8221;4.19.5&#8243; _module_preset=&#8221;default&#8221; custom_padding=&#8221;||0px|||&#8221; global_colors_info=&#8221;{}&#8221;][et_pb_row _builder_version=&#8221;4.19.5&#8243; _module_preset=&#8221;default&#8221; global_colors_info=&#8221;{}&#8221;][et_pb_column type=&#8221;4_4&#8243; _builder_version=&#8221;4.19.5&#8243; _module_preset=&#8221;default&#8221; global_colors_info=&#8221;{}&#8221;][et_pb_text _builder_version=&#8221;4.19.5&#8243; _module_preset=&#8221;b0c016a6-11dc-4030-a117-5c4be57ca30a&#8221; global_colors_info=&#8221;{}&#8221;]<\/p>\n<h2>Bibliography<\/h2>\n<p>[\/et_pb_text][\/et_pb_column][\/et_pb_row][et_pb_row _builder_version=&#8221;4.19.5&#8243; _module_preset=&#8221;default&#8221; global_colors_info=&#8221;{}&#8221;][et_pb_column type=&#8221;4_4&#8243; _builder_version=&#8221;4.19.5&#8243; _module_preset=&#8221;default&#8221; global_colors_info=&#8221;{}&#8221;][et_pb_text _builder_version=&#8221;4.19.5&#8243; _module_preset=&#8221;default&#8221; global_colors_info=&#8221;{}&#8221;]<\/p>\n<p><strong>Fern\u00e1ndez Morate, Segundo. (2023).  <\/strong><em>Cristo del Otero. Paisaje cultural<\/em>. Palencia, Espa\u00f1a: Ayuntamiento de Palencia.<\/p>\n<p><strong>Fern\u00e1ndez Morate, Segundo. (2009).  <\/strong><em>Cristo del Otero. Leyenda, tradici\u00f3n e historia<\/em>. Palencia, Espa\u00f1a: Editorial C\u00e1lamo.<\/p>\n<p><strong>San Mart\u00edn Payo, Jes\u00fas. (1985).<\/strong> <em>El Cristo del Otero y Santo Toribio<\/em>. Palencia. Espa\u00f1a: Diputaci\u00f3n Provincial de Palencia.<\/p>\n<p>[\/et_pb_text][\/et_pb_column][\/et_pb_row][\/et_pb_section][et_pb_section fb_built=&#8221;1&#8243; _builder_version=&#8221;4.19.5&#8243; _module_preset=&#8221;default&#8221; custom_padding=&#8221;||0px|||&#8221; global_colors_info=&#8221;{}&#8221;][et_pb_row _builder_version=&#8221;4.19.5&#8243; _module_preset=&#8221;default&#8221; global_colors_info=&#8221;{}&#8221;][et_pb_column type=&#8221;4_4&#8243; _builder_version=&#8221;4.19.5&#8243; _module_preset=&#8221;default&#8221; global_colors_info=&#8221;{}&#8221;][et_pb_text _builder_version=&#8221;4.19.5&#8243; _module_preset=&#8221;b0c016a6-11dc-4030-a117-5c4be57ca30a&#8221; global_colors_info=&#8221;{}&#8221;]<\/p>\n<h2>Links<\/h2>\n<p>[\/et_pb_text][\/et_pb_column][\/et_pb_row][et_pb_row _builder_version=&#8221;4.19.5&#8243; _module_preset=&#8221;default&#8221; global_colors_info=&#8221;{}&#8221;][et_pb_column type=&#8221;4_4&#8243; _builder_version=&#8221;4.19.5&#8243; _module_preset=&#8221;default&#8221; global_colors_info=&#8221;{}&#8221;][et_pb_text _builder_version=&#8221;4.19.5&#8243; _module_preset=&#8221;default&#8221; global_colors_info=&#8221;{}&#8221;]<\/p>\n<p><a href=\"https:\/\/turismo.aytopalencia.es\/es\/agenda\/romer%C3%ADa-de-santo-toribio\" target=\"_blank\" rel=\"noopener\">https:\/\/turismo.aytopalencia.es\/es\/agenda\/romer%C3%ADa-de-santo-toribio<\/a><\/p>\n<p><a href=\"https:\/\/turismo.aytopalencia.es\/es\/agenda\/fiestas-de-santo-toribio-2023\" target=\"_blank\" rel=\"noopener\">https:\/\/turismo.aytopalencia.es\/es\/agenda\/fiestas-de-santo-toribio-2023<\/a><\/p>\n<p><a href=\"https:\/\/palencia-turismo.com\/romeria-de-santo-toribio\/\" target=\"_blank\" rel=\"noopener\">https:\/\/palencia-turismo.com\/romeria-de-santo-toribio\/<\/a><\/p>\n<p><a href=\"https:\/\/www.turismocastillayleon.com\/es\/arte-cultura-patrimonio\/fiestas\/romeria-santo-toribio\" target=\"_blank\" rel=\"noopener\">https:\/\/www.turismocastillayleon.com\/es\/arte-cultura-patrimonio\/fiestas\/romeria-santo-toribio<\/a><\/p>\n<p><a href=\"https:\/\/es.wikipedia.org\/wiki\/Cristo_del_Otero\" target=\"_blank\" rel=\"noopener\">https:\/\/es.wikipedia.org\/wiki\/Cristo_del_Otero<\/a><\/p>\n<p><a href=\"https:\/\/es.wikipedia.org\/wiki\/Toribio_de_Astorga\" target=\"_blank\" rel=\"noopener\">https:\/\/es.wikipedia.org\/wiki\/Toribio_de_Astorga<\/a><\/p>\n<p><a href=\"https:\/\/www.guiarepsol.com\/es\/fichas\/fiesta\/romeria-de-santo-toribio-21033\/\" target=\"_blank\" rel=\"noopener\">https:\/\/www.guiarepsol.com\/es\/fichas\/fiesta\/romeria-de-santo-toribio-21033\/<\/a><\/p>\n<p>&nbsp;<\/p>\n<p>[\/et_pb_text][\/et_pb_column][\/et_pb_row][\/et_pb_section]<\/p>\n","protected":false},"excerpt":{"rendered":"<p>MultimediaMultimediaPhoto archiveBest videos of the celebrationsThe sounds of the pilgrimageBibliographyFern\u00e1ndez Morate, Segundo. (2023). Cristo del Otero. Paisaje cultural. Palencia, Espa\u00f1a: Ayuntamiento de Palencia. Fern\u00e1ndez Morate, Segundo. (2009). Cristo del Otero. Leyenda, tradici\u00f3n e historia. Palencia, Espa\u00f1a: Editorial C\u00e1lamo. San Mart\u00edn Payo, Jes\u00fas. (1985). El Cristo del Otero y Santo Toribio. Palencia. Espa\u00f1a: Diputaci\u00f3n Provincial de [&hellip;]<\/p>\n","protected":false},"author":1,"featured_media":0,"parent":0,"menu_order":0,"comment_status":"closed","ping_status":"closed","template":"","meta":{"_et_pb_use_builder":"on","_et_pb_old_content":"","_et_gb_content_width":"","inline_featured_image":false,"_monsterinsights_skip_tracking":false,"_monsterinsights_sitenote_active":false,"_monsterinsights_sitenote_note":"","_monsterinsights_sitenote_category":0,"footnotes":""},"class_list":["post-1063","page","type-page","status-publish","hentry"],"_links":{"self":[{"href":"https:\/\/romeriadesantotoribio.com\/en\/wp-json\/wp\/v2\/pages\/1063","targetHints":{"allow":["GET"]}}],"collection":[{"href":"https:\/\/romeriadesantotoribio.com\/en\/wp-json\/wp\/v2\/pages"}],"about":[{"href":"https:\/\/romeriadesantotoribio.com\/en\/wp-json\/wp\/v2\/types\/page"}],"author":[{"embeddable":true,"href":"https:\/\/romeriadesantotoribio.com\/en\/wp-json\/wp\/v2\/users\/1"}],"replies":[{"embeddable":true,"href":"https:\/\/romeriadesantotoribio.com\/en\/wp-json\/wp\/v2\/comments?post=1063"}],"version-history":[{"count":3,"href":"https:\/\/romeriadesantotoribio.com\/en\/wp-json\/wp\/v2\/pages\/1063\/revisions"}],"predecessor-version":[{"id":1066,"href":"https:\/\/romeriadesantotoribio.com\/en\/wp-json\/wp\/v2\/pages\/1063\/revisions\/1066"}],"wp:attachment":[{"href":"https:\/\/romeriadesantotoribio.com\/en\/wp-json\/wp\/v2\/media?parent=1063"}],"curies":[{"name":"wp","href":"https:\/\/api.w.org\/{rel}","templated":true}]}}